{"id":15,"date":"2017-08-11T09:49:07","date_gmt":"2017-08-11T07:49:07","guid":{"rendered":"http:\/\/masaze-praha6.cz\/wordpress\/?page_id=15"},"modified":"2025-09-23T14:04:47","modified_gmt":"2025-09-23T12:04:47","slug":"cenik","status":"publish","type":"page","link":"https:\/\/masaze-praha6.cz\/en\/cenik\/","title":{"rendered":"Pricelist"},"content":{"rendered":"<figure class=\"wp-block-image size-large\"><img loading=\"lazy\" decoding=\"async\" width=\"648\" height=\"288\" src=\"https:\/\/masaze-praha6.cz\/wp-content\/uploads\/Nov\u00fd-rastrov\u00fd-obr\u00e1zek-2.jpg\" alt=\"\" class=\"wp-image-150\" srcset=\"https:\/\/masaze-praha6.cz\/wp-content\/uploads\/Nov\u00fd-rastrov\u00fd-obr\u00e1zek-2.jpg 648w, https:\/\/masaze-praha6.cz\/wp-content\/uploads\/Nov\u00fd-rastrov\u00fd-obr\u00e1zek-2-300x133.jpg 300w\" sizes=\"(max-width: 648px) 100vw, 648px\" \/><figcaption class=\"wp-element-caption\">Nab\u00edz\u00edm d\u00e1rkov\u00e9 poukazy na mas\u00e1\u017ee v r\u016fzn\u00fdch hodnot\u00e1ch<\/figcaption><\/figure>\n\n\n<p><img loading=\"lazy\" decoding=\"async\" class=\"alignleft wp-image-61 size-medium\" src=\"http:\/\/masaze-praha6.cz\/wordpress\/wp-content\/uploads\/shutterstock_56118649_web_1-300x200.jpg\" alt=\"\" width=\"300\" height=\"200\" srcset=\"https:\/\/masaze-praha6.cz\/wp-content\/uploads\/shutterstock_56118649_web_1-300x200.jpg 300w, https:\/\/masaze-praha6.cz\/wp-content\/uploads\/shutterstock_56118649_web_1-768x512.jpg 768w, https:\/\/masaze-praha6.cz\/wp-content\/uploads\/shutterstock_56118649_web_1-1024x682.jpg 1024w, https:\/\/masaze-praha6.cz\/wp-content\/uploads\/shutterstock_56118649_web_1.jpg 1280w\" sizes=\"(max-width: 300px) 100vw, 300px\" \/><\/p>\n<p><strong>P<\/strong><strong>ARTIAL<\/strong> e.g. back and neck \u2013\u00a0 25 min &#8211; 490,- CZK\/20.00 EURO<\/p>\n<p><strong>TOTAL<\/strong> the lower limbs, upper limbs back,neck \u2013\u00a0 55 min &#8211; 930,- CZK\/39.00 EURO<\/p>\n<p><strong>TOTAL<\/strong> the lower limbs, upper limbs back,neck \u2013\u00a0 85 min &#8211; 1.400,- CZK\/58.00 EURO<\/p>\n<p><strong>TOTAL<\/strong> the lower limbs, upper limbs back,neck \u2013\u00a0 115 min &#8211; 1.800,- CZK\/75.00 EURO<\/p>\n<p>NEW! FOOT AND BUTTOCKS MASSAGE BY \u201cCELLULITTIS\u201d FOR <strong>PREVENTION AND ANTI CELLULITE<\/strong> About 25 min. &#8211; 590,- CZK\/25.00 EURO<\/p>\n<div id=\"cleantext\">\u00a0<\/div>\n<blockquote>\n<p>For athletes- regeneration programs for the monthly lump sum by agreement. IF YOU DON\u00b4T CANCEL YOUR MASSAGE AT LEAST 5 HOURS BEFORE ITS START,IT WILL BE CHARGED IN FULL PRICE ! Massages can also be booked at your home at your comfortable enviroment \u2013 surcharge 500 CZK including travel ( Prague and surroundings, otherwice by phone agreement)<\/p>\n<\/blockquote>","protected":false},"excerpt":{"rendered":"<p>PARTIAL e.g. back and neck \u2013\u00a0 25 min &#8211; 490,- CZK\/20.00 EURO TOTAL the lower limbs, upper limbs back,neck \u2013\u00a0 55 min &#8211; 930,- CZK\/39.00 EURO TOTAL the lower limbs, upper limbs back,neck \u2013\u00a0 85 min &#8211; 1.400,- CZK\/58.00 EURO TOTAL the lower limbs, upper limbs back,neck \u2013\u00a0 115 min &#8211; 1.800,- CZK\/75.00 EURO NEW! [&hellip;]<\/p>\n","protected":false},"author":1,"featured_media":0,"parent":0,"menu_order":0,"comment_status":"closed","ping_status":"closed","template":"","meta":{"footnotes":""},"class_list":["post-15","page","type-page","status-publish","hentry"],"_links":{"self":[{"href":"https:\/\/masaze-praha6.cz\/en\/wp-json\/wp\/v2\/pages\/15"}],"collection":[{"href":"https:\/\/masaze-praha6.cz\/en\/wp-json\/wp\/v2\/pages"}],"about":[{"href":"https:\/\/masaze-praha6.cz\/en\/wp-json\/wp\/v2\/types\/page"}],"author":[{"embeddable":true,"href":"https:\/\/masaze-praha6.cz\/en\/wp-json\/wp\/v2\/users\/1"}],"replies":[{"embeddable":true,"href":"https:\/\/masaze-praha6.cz\/en\/wp-json\/wp\/v2\/comments?post=15"}],"version-history":[{"count":56,"href":"https:\/\/masaze-praha6.cz\/en\/wp-json\/wp\/v2\/pages\/15\/revisions"}],"predecessor-version":[{"id":226,"href":"https:\/\/masaze-praha6.cz\/en\/wp-json\/wp\/v2\/pages\/15\/revisions\/226"}],"wp:attachment":[{"href":"https:\/\/masaze-praha6.cz\/en\/wp-json\/wp\/v2\/media?parent=15"}],"curies":[{"name":"wp","href":"https:\/\/api.w.org\/{rel}","templated":true}]}}