{"id":38,"date":"2017-08-11T10:25:05","date_gmt":"2017-08-11T08:25:05","guid":{"rendered":"http:\/\/masaze-praha6.cz\/wordpress\/?page_id=38"},"modified":"2025-09-23T14:32:48","modified_gmt":"2025-09-23T12:32:48","slug":"kontakt","status":"publish","type":"page","link":"https:\/\/masaze-praha6.cz\/en\/kontakt\/","title":{"rendered":"Contact"},"content":{"rendered":"<p><\/span><\/p>\n<p><span style=\"font-size: revert; color: initial;\">Pavel Din\u010d\u00e1k<\/span><\/p>\n<\/div>\n<p><a href=\"tel:+420737275827\">+420 737 275 827<\/a><\/p>\n<p>Solar Studio Top Sun<br \/>Terronsk\u00e1 942\/5<br \/>Praha 6<\/p>\n\n\n<p><\/p>","protected":false},"excerpt":{"rendered":"<p>Pavel Din\u010d\u00e1k +420 737 275 827 Solar Studio Top SunTerronsk\u00e1 942\/5Praha 6<\/p>\n","protected":false},"author":1,"featured_media":0,"parent":0,"menu_order":0,"comment_status":"closed","ping_status":"closed","template":"","meta":{"footnotes":""},"class_list":["post-38","page","type-page","status-publish","hentry"],"_links":{"self":[{"href":"https:\/\/masaze-praha6.cz\/en\/wp-json\/wp\/v2\/pages\/38"}],"collection":[{"href":"https:\/\/masaze-praha6.cz\/en\/wp-json\/wp\/v2\/pages"}],"about":[{"href":"https:\/\/masaze-praha6.cz\/en\/wp-json\/wp\/v2\/types\/page"}],"author":[{"embeddable":true,"href":"https:\/\/masaze-praha6.cz\/en\/wp-json\/wp\/v2\/users\/1"}],"replies":[{"embeddable":true,"href":"https:\/\/masaze-praha6.cz\/en\/wp-json\/wp\/v2\/comments?post=38"}],"version-history":[{"count":32,"href":"https:\/\/masaze-praha6.cz\/en\/wp-json\/wp\/v2\/pages\/38\/revisions"}],"predecessor-version":[{"id":229,"href":"https:\/\/masaze-praha6.cz\/en\/wp-json\/wp\/v2\/pages\/38\/revisions\/229"}],"wp:attachment":[{"href":"https:\/\/masaze-praha6.cz\/en\/wp-json\/wp\/v2\/media?parent=38"}],"curies":[{"name":"wp","href":"https:\/\/api.w.org\/{rel}","templated":true}]}}