{"id":5,"date":"2017-08-11T09:36:26","date_gmt":"2017-08-11T07:36:26","guid":{"rendered":"http:\/\/masaze-praha6.cz\/wordpress\/?page_id=5"},"modified":"2017-08-13T11:02:10","modified_gmt":"2017-08-13T09:02:10","slug":"zivotopis","status":"publish","type":"page","link":"https:\/\/masaze-praha6.cz\/en\/zivotopis\/","title":{"rendered":"CV"},"content":{"rendered":"<p><img loading=\"lazy\" decoding=\"async\" class=\"alignleft wp-image-69 size-medium\" src=\"http:\/\/masaze-praha6.cz\/wordpress\/wp-content\/uploads\/i0a8208-200x300.jpg\" alt=\"Pavel Din\u010d\u00e1k\" width=\"200\" height=\"300\" srcset=\"https:\/\/masaze-praha6.cz\/wp-content\/uploads\/i0a8208-200x300.jpg 200w, https:\/\/masaze-praha6.cz\/wp-content\/uploads\/i0a8208-768x1152.jpg 768w, https:\/\/masaze-praha6.cz\/wp-content\/uploads\/i0a8208-683x1024.jpg 683w, https:\/\/masaze-praha6.cz\/wp-content\/uploads\/i0a8208.jpg 1733w\" sizes=\"(max-width: 200px) 100vw, 200px\" \/><\/p>\n<p>My name is PAVEL DIN\u010c\u00c1K. I was born in Prague, CZE, Nov.5th, 1972 I have started my carrier in the massage profession since 1991, after I began my military service in the Dukla Prague\u00b4s army centre of top-performance sports where I worked at the rehabilitation line for 18 months. My daily working duty (apart from tens of massages) consisted in operating various electronic rehabilitation appliances (e.g., diadynamic currents, magnetic pulsation field, ultrasound, traction bench, etc.), sub-water massages (e.g., Habard bath, Jacuzzi whirlpool bath, tangentor, etc.) This rehabilitation line was used mainly by top-performance sportsmen, e.g., athletes \u2013 ROBERT ZM\u011aL\u00cdK (Olympic winner in decathlon), TOM\u00c1\u0160 DVO\u0158\u00c1K (world champion in decathlon), JAN \u017dELEZN\u00dd (several times world champion and Olympic winner in the javelin), as well as the football player PAVEL NEDV\u011aD, who were here also on his compulsory military service. After finishing my compulsory military service, I did not leave the Dukla Prague\u00b4s army centre because I was offered a job as a masseur at the premier league football team of Dukla Prague, where I was employed as the team masseur. Here I worked at the realization team up to the Dukla Prague fusion with a sports centre in P\u0159\u00edbram . After some financial problems began at the sports club, I left, although I didn\u00b4t like it, the team. After I had obtained my trade license (TL), I won the competition for the job at a prestige fitness-centre, PATENIDIS FITNESS, where OLGA SIPKOVA (world champion in the sports aerobic) worked. She soon became a client of mine and put her CR representants (MDu\u0161ek and L.Ma\u0161kov\u00e1, who she prepared for the Championship in the aerobic) into my care. Approximately after 18 months, I had such a confidence of the owner, GEORGIS PATENIDIS, that I was charged (appointed)the fitness centre leader during his other entrepreneurial activities. Currently, I am working as a masseur (TL) at an established relax centre in Prague 6, where I live.<\/p>","protected":false},"excerpt":{"rendered":"<p>My name is PAVEL DIN\u010c\u00c1K. I was born in Prague, CZE, Nov.5th, 1972 I have started my carrier in the massage profession since 1991, after I began my military service in the Dukla Prague\u00b4s army centre of top-performance sports where I worked at the rehabilitation line for 18 months. My daily working duty (apart from [&hellip;]<\/p>\n","protected":false},"author":1,"featured_media":0,"parent":0,"menu_order":0,"comment_status":"closed","ping_status":"closed","template":"","meta":{"footnotes":""},"class_list":["post-5","page","type-page","status-publish","hentry"],"_links":{"self":[{"href":"https:\/\/masaze-praha6.cz\/en\/wp-json\/wp\/v2\/pages\/5"}],"collection":[{"href":"https:\/\/masaze-praha6.cz\/en\/wp-json\/wp\/v2\/pages"}],"about":[{"href":"https:\/\/masaze-praha6.cz\/en\/wp-json\/wp\/v2\/types\/page"}],"author":[{"embeddable":true,"href":"https:\/\/masaze-praha6.cz\/en\/wp-json\/wp\/v2\/users\/1"}],"replies":[{"embeddable":true,"href":"https:\/\/masaze-praha6.cz\/en\/wp-json\/wp\/v2\/comments?post=5"}],"version-history":[{"count":6,"href":"https:\/\/masaze-praha6.cz\/en\/wp-json\/wp\/v2\/pages\/5\/revisions"}],"predecessor-version":[{"id":81,"href":"https:\/\/masaze-praha6.cz\/en\/wp-json\/wp\/v2\/pages\/5\/revisions\/81"}],"wp:attachment":[{"href":"https:\/\/masaze-praha6.cz\/en\/wp-json\/wp\/v2\/media?parent=5"}],"curies":[{"name":"wp","href":"https:\/\/api.w.org\/{rel}","templated":true}]}}